{"id":1008,"date":"2013-12-14T00:00:40","date_gmt":"2013-12-13T22:00:40","guid":{"rendered":"http:\/\/www.aclanester56.com\/velo\/?page_id=1008"},"modified":"2013-12-15T22:32:54","modified_gmt":"2013-12-15T20:32:54","slug":"conditions-dutilisation","status":"publish","type":"page","link":"https:\/\/www.aclanester56.com\/velo\/conditions-dutilisation\/","title":{"rendered":"Conditions d&rsquo;utilisation"},"content":{"rendered":"<p><strong><span style=\"text-decoration: underline;\">Conditions d&rsquo;utilisation du site <\/span><\/strong><\/p>\n<h3>Bienvenue sur AC LANESTER 56 !<\/h3>\n<p>Toute utilisation du site implique l&rsquo;acceptation pleine et enti\u00e8re de ces conditions, d\u00e9taill\u00e9es dans les rubriques suivantes :<\/p>\n<p>-1. Politique de Confidentialit\u00e9 et respect de la vie priv\u00e9e<\/p>\n<p>-2. Mentions CNIL<\/p>\n<p>-3. Politique de protection des marques et des copyrights<\/p>\n<p>&nbsp;<\/p>\n<p>Merci de prendre le temps de lire attentivement ces documents.<\/p>\n<p>&nbsp;<\/p>\n<p>&nbsp;<\/p>\n<p><em><span style=\"text-decoration: underline;\">1. Politique de Confidentialit\u00e9 <\/span><\/em><\/p>\n<h3>En toute confidentialit\u00e9, pour le respect de votre vie priv\u00e9e.<\/h3>\n<p>Pour que vous puissiez utiliser notre site, certains partages d\u2019informations sont n\u00e9cessaires. Vous trouverez ci-dessous le d\u00e9tail de notre Politique de Confidentialit\u00e9, qui vous explique quelles informations nous collectons et pourquoi, ce que nous en faisons et comment nous les prot\u00e9geons.<\/p>\n<p>&nbsp;<\/p>\n<p><strong>Sondages et questionnaires.<\/strong> <br \/> Occasionnellement, nous demandons des informations aux utilisateurs du site AC LANESTER 56 par le biais d\u2019enqu\u00eates ou de questionnaires. La participation \u00e0 ces enqu\u00eates ou questionnaires est enti\u00e8rement libre. Les informations que nous obtenons par ce biais sont principalement utilis\u00e9es pour mieux comprendre nos visiteurs. En cas de publication des r\u00e9sultats d\u2019un questionnaire ou d\u2019une enqu\u00eate, aucune information personnelle n\u2019est divulgu\u00e9e sans l\u2019autorisation explicite des participants.<\/p>\n<p><strong>Service \u00ab laisser un commentaire \u00bb.<\/strong> <br \/> Lorsque vous utilisez notre service \u00ab laisser un commentaire \u00bb, il vous est demand\u00e9 de fournir des noms et des adresses \u00e9lectroniques. Dans le cadre de ce service \u00ab Laisser un commentaire \u00bb, les adresses emails ne sont pas r\u00e9utilis\u00e9es ensuite, mais uniquement pour pouvoir vous r\u00e9pondre et \u00e9galement \u00e9viter le spam.<\/p>\n<p><strong>Informations non partag\u00e9es afin de pr\u00e9server leur confidentialit\u00e9.<\/strong> <br \/> AC LANESTER 56 est le seul d\u00e9tenteur des informations collect\u00e9es sur son site Web. Nous ne proc\u00e9derons ni \u00e0 la vente, ni \u00e0 la diffusion, ni \u00e0 la location de ces informations \u00e0 des tiers, except\u00e9 si cela \u00e9tait requis par la loi ou dans le cadre d\u2019une proc\u00e9dure l\u00e9gale.<\/p>\n<p>&nbsp;<\/p>\n<p><strong>Lorsque vous visitez d\u2019autres sites Web, nos garanties n\u2019ont plus cours.<\/strong> <br \/> Notre site peut contenir des liens vers d\u2019autres sites Web hors de notre contr\u00f4le et qui ne sont pas couverts par cette Politique de Confidentialit\u00e9. Si vous acc\u00e9dez \u00e0 d\u2019autres sites \u00e0 l\u2019aide des liens fournis, les op\u00e9rateurs de ces sites peuvent collecter des donn\u00e9es vous concernant qu\u2019ils utiliseront conform\u00e9ment \u00e0 leur politique de confidentialit\u00e9, laquelle peut diff\u00e9rer de la n\u00f4tre.<\/p>\n<p>&nbsp;<\/p>\n<p><strong>Si vous devez corriger ou mettre \u00e0 jour vos coordonn\u00e9es.<\/strong> <br \/> Pour corriger ou mettre \u00e0 jour vos coordonn\u00e9es,\u00a0 utiliser notre page contact ou un courrier postal adress\u00e9 \u00e0 : <br \/> <strong>AC LANESTER 56<\/strong><br \/> 73 Av Kesler Devillers <br \/> 56600 LANESTER<\/p>\n<p><strong>Des questions ?<\/strong><br \/> Pour toute question relative \u00e0 cette Politique de confidentialit\u00e9, n\u2019h\u00e9sitez pas \u00e0 nous contacter.<\/p>\n<p>&nbsp;<\/p>\n<p><em><span style=\"text-decoration: underline;\">2. Mentions CNIL- Loi Informatique et Libert\u00e9s <\/span><\/em><\/p>\n<p>Les informations nominatives que vous \u00eates amen\u00e9s \u00e0 fournir sur le site d\u2019AC LANESTER 56\u00a0 sont destin\u00e9es uniquement \u00e0 AC LANESTER 56 ; \u00e0 ce titre, elles ne feront l&rsquo;objet de communications ext\u00e9rieures que pour les seules n\u00e9cessit\u00e9s de la gestion ou pour satisfaire aux obligations l\u00e9gales et r\u00e9glementaires.<\/p>\n<p>Ces informations peuvent donner lieu \u00e0 l&rsquo;exercice du droit d&rsquo;acc\u00e8s et de rectification pr\u00e9vu par la loi n\u00b0 78-17 du 6 janvier 1978 relative \u00e0 l&rsquo;informatique, aux fichiers et aux libert\u00e9s, aupr\u00e8s d\u2019AC LANESTER 56, par courrier adress\u00e9 \u00e0 :<\/p>\n<h1>AC LANESTER 56<\/h1>\n<p>73 avenue Kesler Devillers<\/p>\n<p>56600 LANESTER<\/p>\n<p>Tel : 02 97 76 16 75<\/p>\n<p>&nbsp;<\/p>\n<p><em><span style=\"text-decoration: underline;\">3.Copyright et Marques d\u00e9pos\u00e9es <\/span><\/em><\/p>\n<h3>Copyright<\/h3>\n<p>Le site AC LANESTER 56 et tous les \u00e9l\u00e9ments qui figurent sur ce site, notamment mais non-exclusivement les textes, les illustrations, les logos, les ic\u00f4nes, les images, les sons, les vid\u00e9os, les fichiers t\u00e9l\u00e9chargeables ou les bases de donn\u00e9es sont la propri\u00e9t\u00e9 d\u2019AC LANESTER 56, de ses partenaires ou de ses fournisseurs et sont prot\u00e9g\u00e9s par les lois internationales sur le copyright.<\/p>\n<p>Reproduction d\u2019\u00e9l\u00e9ments du site :<\/p>\n<p>Sauf mentions contraires indiqu\u00e9es sur le site, vous pouvez consulter, copier, imprimer et distribuer tout \u00e9l\u00e9ment de contenu disponible sur le site sous les conditions suivantes :<\/p>\n<p>1. L\u2019\u00e9l\u00e9ment ne peut \u00eatre utilis\u00e9 qu\u2019\u00e0 des fins personnelles, informationnelles et non commerciales, <br \/> 2. Le contenu ne doit \u00eatre en aucun cas modifi\u00e9 ou alt\u00e9r\u00e9, <br \/> 3. Les droits accord\u00e9s constituent une licence et non un transfert de titre. Toute reproduction, m\u00eame partielle du document doit contenir la mention suivante :<\/p>\n<p><strong>Copyright \u00a9\u00a0 AC LANESTER 56<\/strong><\/p>\n<p>4. AC LANESTER 56 se r\u00e9serve le droit de suspendre \u00e0 tout moment toute autorisation d\u2019utilisation, et toute utilisation en cours devra \u00eatre interrompue imm\u00e9diatement sur demande \u00e9crite d\u2019AC LANESTER 56.<\/p>\n<p>Le design et la structure du site Web sont couverts par ces r\u00e8gles et ne peuvent \u00eatre copi\u00e9s, m\u00eame partiellement.<\/p>\n<p>AC LANESTER 56 respecte les droits de propri\u00e9t\u00e9 intellectuelle.<\/p>\n<h3>Marques d\u00e9pos\u00e9es<\/h3>\n<p>Les noms de produit, qu\u2019ils apparaissent ou pas en majuscules ou avec le symbole de marque d\u00e9pos\u00e9e, sont les marques d\u00e9pos\u00e9es de partenaires, conc\u00e9dants ou fournisseurs.<\/p>\n<p>Toutes les autres marques cit\u00e9es sur ce site sont d\u00e9pos\u00e9es par les soci\u00e9t\u00e9s qui en sont propri\u00e9taires et reconnues par la pr\u00e9sente.<\/p>\n<p>Les marques d\u00e9pos\u00e9es ne doivent jamais \u00eatre utilis\u00e9es de quelque mani\u00e8re que ce soit qui puisse d\u00e9nigrer ou discr\u00e9diter leur propri\u00e9taire ou qui puisse cr\u00e9er de la confusion autour de produits ou services en relation avec ces marques.<\/p>\n<p>&nbsp;<\/p>\n","protected":false},"excerpt":{"rendered":"<p>Conditions d&rsquo;utilisation du site Bienvenue sur AC LANESTER 56 ! Toute utilisation du site implique l&rsquo;acceptation pleine et enti\u00e8re de [&hellip;]<\/p>\n","protected":false},"author":2,"featured_media":0,"parent":0,"menu_order":6,"comment_status":"open","ping_status":"closed","template":"","meta":{"ngg_post_thumbnail":0,"footnotes":""},"class_list":["post-1008","page","type-page","status-publish","format-standard","hentry"],"yoast_head":"<!-- This site is optimized with the Yoast SEO plugin v27.3 - https:\/\/yoast.com\/product\/yoast-seo-wordpress\/ -->\n<title>Conditions d&#039;utilisation - Avenir Cycliste Lanester 56<\/title>\n<meta name=\"robots\" content=\"index, follow, max-snippet:-1, max-image-preview:large, max-video-preview:-1\" \/>\n<link rel=\"canonical\" href=\"https:\/\/www.aclanester56.com\/velo\/conditions-dutilisation\/\" \/>\n<meta property=\"og:locale\" content=\"fr_FR\" \/>\n<meta property=\"og:type\" content=\"article\" \/>\n<meta property=\"og:title\" content=\"Conditions d&#039;utilisation - Avenir Cycliste Lanester 56\" \/>\n<meta property=\"og:description\" content=\"Conditions d&rsquo;utilisation du site Bienvenue sur AC LANESTER 56 ! Toute utilisation du site implique l&rsquo;acceptation pleine et enti\u00e8re de [&hellip;]\" \/>\n<meta property=\"og:url\" content=\"https:\/\/www.aclanester56.com\/velo\/conditions-dutilisation\/\" \/>\n<meta property=\"og:site_name\" content=\"Avenir Cycliste Lanester 56\" \/>\n<meta property=\"article:publisher\" content=\"https:\/\/www.facebook.com\/pages\/AC-Lanester-56\/190286300991242?fref=ts\" \/>\n<meta property=\"article:modified_time\" content=\"2013-12-15T20:32:54+00:00\" \/>\n<meta name=\"twitter:label1\" content=\"Dur\u00e9e de lecture estim\u00e9e\" \/>\n\t<meta name=\"twitter:data1\" content=\"4 minutes\" \/>\n<script type=\"application\/ld+json\" class=\"yoast-schema-graph\">{\"@context\":\"https:\\\/\\\/schema.org\",\"@graph\":[{\"@type\":\"WebPage\",\"@id\":\"https:\\\/\\\/www.aclanester56.com\\\/velo\\\/conditions-dutilisation\\\/\",\"url\":\"https:\\\/\\\/www.aclanester56.com\\\/velo\\\/conditions-dutilisation\\\/\",\"name\":\"Conditions d'utilisation - Avenir Cycliste Lanester 56\",\"isPartOf\":{\"@id\":\"https:\\\/\\\/www.aclanester56.com\\\/velo\\\/#website\"},\"datePublished\":\"2013-12-13T22:00:40+00:00\",\"dateModified\":\"2013-12-15T20:32:54+00:00\",\"inLanguage\":\"fr-FR\",\"potentialAction\":[{\"@type\":\"ReadAction\",\"target\":[\"https:\\\/\\\/www.aclanester56.com\\\/velo\\\/conditions-dutilisation\\\/\"]}]},{\"@type\":\"WebSite\",\"@id\":\"https:\\\/\\\/www.aclanester56.com\\\/velo\\\/#website\",\"url\":\"https:\\\/\\\/www.aclanester56.com\\\/velo\\\/\",\"name\":\"Avenir Cycliste Lanester 56\",\"description\":\"Club cycliste de l&#039;AC LANESTER 56\",\"publisher\":{\"@id\":\"https:\\\/\\\/www.aclanester56.com\\\/velo\\\/#organization\"},\"potentialAction\":[{\"@type\":\"SearchAction\",\"target\":{\"@type\":\"EntryPoint\",\"urlTemplate\":\"https:\\\/\\\/www.aclanester56.com\\\/velo\\\/?s={search_term_string}\"},\"query-input\":{\"@type\":\"PropertyValueSpecification\",\"valueRequired\":true,\"valueName\":\"search_term_string\"}}],\"inLanguage\":\"fr-FR\"},{\"@type\":\"Organization\",\"@id\":\"https:\\\/\\\/www.aclanester56.com\\\/velo\\\/#organization\",\"name\":\"Avenir Cycliste Lanester 56\",\"url\":\"https:\\\/\\\/www.aclanester56.com\\\/velo\\\/\",\"logo\":{\"@type\":\"ImageObject\",\"inLanguage\":\"fr-FR\",\"@id\":\"https:\\\/\\\/www.aclanester56.com\\\/velo\\\/#\\\/schema\\\/logo\\\/image\\\/\",\"url\":\"https:\\\/\\\/www.aclanester56.com\\\/velo\\\/wp-content\\\/uploads\\\/2013\\\/04\\\/logo-ACL.jpg\",\"contentUrl\":\"https:\\\/\\\/www.aclanester56.com\\\/velo\\\/wp-content\\\/uploads\\\/2013\\\/04\\\/logo-ACL.jpg\",\"width\":400,\"height\":334,\"caption\":\"Avenir Cycliste Lanester 56\"},\"image\":{\"@id\":\"https:\\\/\\\/www.aclanester56.com\\\/velo\\\/#\\\/schema\\\/logo\\\/image\\\/\"},\"sameAs\":[\"https:\\\/\\\/www.facebook.com\\\/pages\\\/AC-Lanester-56\\\/190286300991242?fref=ts\"]}]}<\/script>\n<!-- \/ Yoast SEO plugin. -->","yoast_head_json":{"title":"Conditions d'utilisation - Avenir Cycliste Lanester 56","robots":{"index":"index","follow":"follow","max-snippet":"max-snippet:-1","max-image-preview":"max-image-preview:large","max-video-preview":"max-video-preview:-1"},"canonical":"https:\/\/www.aclanester56.com\/velo\/conditions-dutilisation\/","og_locale":"fr_FR","og_type":"article","og_title":"Conditions d'utilisation - Avenir Cycliste Lanester 56","og_description":"Conditions d&rsquo;utilisation du site Bienvenue sur AC LANESTER 56 ! Toute utilisation du site implique l&rsquo;acceptation pleine et enti\u00e8re de [&hellip;]","og_url":"https:\/\/www.aclanester56.com\/velo\/conditions-dutilisation\/","og_site_name":"Avenir Cycliste Lanester 56","article_publisher":"https:\/\/www.facebook.com\/pages\/AC-Lanester-56\/190286300991242?fref=ts","article_modified_time":"2013-12-15T20:32:54+00:00","twitter_misc":{"Dur\u00e9e de lecture estim\u00e9e":"4 minutes"},"schema":{"@context":"https:\/\/schema.org","@graph":[{"@type":"WebPage","@id":"https:\/\/www.aclanester56.com\/velo\/conditions-dutilisation\/","url":"https:\/\/www.aclanester56.com\/velo\/conditions-dutilisation\/","name":"Conditions d'utilisation - Avenir Cycliste Lanester 56","isPartOf":{"@id":"https:\/\/www.aclanester56.com\/velo\/#website"},"datePublished":"2013-12-13T22:00:40+00:00","dateModified":"2013-12-15T20:32:54+00:00","inLanguage":"fr-FR","potentialAction":[{"@type":"ReadAction","target":["https:\/\/www.aclanester56.com\/velo\/conditions-dutilisation\/"]}]},{"@type":"WebSite","@id":"https:\/\/www.aclanester56.com\/velo\/#website","url":"https:\/\/www.aclanester56.com\/velo\/","name":"Avenir Cycliste Lanester 56","description":"Club cycliste de l&#039;AC LANESTER 56","publisher":{"@id":"https:\/\/www.aclanester56.com\/velo\/#organization"},"potentialAction":[{"@type":"SearchAction","target":{"@type":"EntryPoint","urlTemplate":"https:\/\/www.aclanester56.com\/velo\/?s={search_term_string}"},"query-input":{"@type":"PropertyValueSpecification","valueRequired":true,"valueName":"search_term_string"}}],"inLanguage":"fr-FR"},{"@type":"Organization","@id":"https:\/\/www.aclanester56.com\/velo\/#organization","name":"Avenir Cycliste Lanester 56","url":"https:\/\/www.aclanester56.com\/velo\/","logo":{"@type":"ImageObject","inLanguage":"fr-FR","@id":"https:\/\/www.aclanester56.com\/velo\/#\/schema\/logo\/image\/","url":"https:\/\/www.aclanester56.com\/velo\/wp-content\/uploads\/2013\/04\/logo-ACL.jpg","contentUrl":"https:\/\/www.aclanester56.com\/velo\/wp-content\/uploads\/2013\/04\/logo-ACL.jpg","width":400,"height":334,"caption":"Avenir Cycliste Lanester 56"},"image":{"@id":"https:\/\/www.aclanester56.com\/velo\/#\/schema\/logo\/image\/"},"sameAs":["https:\/\/www.facebook.com\/pages\/AC-Lanester-56\/190286300991242?fref=ts"]}]}},"_links":{"self":[{"href":"https:\/\/www.aclanester56.com\/velo\/wp-json\/wp\/v2\/pages\/1008","targetHints":{"allow":["GET"]}}],"collection":[{"href":"https:\/\/www.aclanester56.com\/velo\/wp-json\/wp\/v2\/pages"}],"about":[{"href":"https:\/\/www.aclanester56.com\/velo\/wp-json\/wp\/v2\/types\/page"}],"author":[{"embeddable":true,"href":"https:\/\/www.aclanester56.com\/velo\/wp-json\/wp\/v2\/users\/2"}],"replies":[{"embeddable":true,"href":"https:\/\/www.aclanester56.com\/velo\/wp-json\/wp\/v2\/comments?post=1008"}],"version-history":[{"count":0,"href":"https:\/\/www.aclanester56.com\/velo\/wp-json\/wp\/v2\/pages\/1008\/revisions"}],"wp:attachment":[{"href":"https:\/\/www.aclanester56.com\/velo\/wp-json\/wp\/v2\/media?parent=1008"}],"curies":[{"name":"wp","href":"https:\/\/api.w.org\/{rel}","templated":true}]}}