{"id":16015,"date":"2013-12-14T00:00:29","date_gmt":"2013-12-13T22:00:29","guid":{"rendered":"http:\/\/www.aclanester56.com\/velo\/?page_id=16015"},"modified":"2013-12-15T23:42:33","modified_gmt":"2013-12-15T21:42:33","slug":"videos","status":"publish","type":"page","link":"https:\/\/www.aclanester56.com\/velo\/videos\/","title":{"rendered":"Vid\u00e9os"},"content":{"rendered":"<p><span style=\"text-decoration: underline;\"><strong><span style=\"font-size: large;\">Vid\u00e9os 2011 : <\/span><\/strong><\/span><\/p>\n<p>\u00a0<br \/> <strong><span style=\"color: #ff6600;\">Tro Div Ster 2011<\/span><\/strong><\/p>\n<p>Course d&rsquo;attente cadets \u00e0 Lanester :<\/p>\n<p><object width=\"320\" height=\"250\" classid=\"clsid:d27cdb6e-ae6d-11cf-96b8-444553540000\" codebase=\"http:\/\/download.macromedia.com\/pub\/shockwave\/cabs\/flash\/swflash.cab#version=6,0,40,0\"><param name=\"src\" value=\"http:\/\/img27.imageshack.us\/flvplayer.swf?f=Pgam\" \/><param name=\"allowfullscreen\" value=\"true\" \/><param name=\"wmode\" value=\"transparent\" \/><embed width=\"320\" height=\"250\" type=\"application\/x-shockwave-flash\" src=\"http:\/\/img27.imageshack.us\/flvplayer.swf?f=Pgam\" allowfullscreen=\"true\" wmode=\"transparent\" \/><\/object><\/p>\n<p><strong><span style=\"color: #ff6600;\">Mini-comp\u00e9tition de l&rsquo;Ecole de Cyclisme 16-04-2011<\/span><\/strong><\/p>\n<p><object width=\"320\" height=\"250\" classid=\"clsid:d27cdb6e-ae6d-11cf-96b8-444553540000\" codebase=\"http:\/\/download.macromedia.com\/pub\/shockwave\/cabs\/flash\/swflash.cab#version=6,0,40,0\"><param name=\"src\" value=\"http:\/\/img200.imageshack.us\/flvplayer.swf?f=Pvo7\" \/><param name=\"allowfullscreen\" value=\"true\" \/><embed width=\"320\" height=\"250\" type=\"application\/x-shockwave-flash\" src=\"http:\/\/img200.imageshack.us\/flvplayer.swf?f=Pvo7\" allowfullscreen=\"true\" \/><\/object><\/p>\n<p><strong><span style=\"color: #ff6600;\">Pr\u00e9sentation du 12\u00e8me TRO DIV STER<\/span><\/strong><\/p>\n<p><span style=\"line-height: 1.5em;\">Introduction \u00e0 la pr\u00e9sentation du Tro Div Ster 2011|http:\/\/www.youtube.com\/watch?v=UJTsc01IwzY<\/span><\/p>\n<p>Pr\u00e9sentation de la 1\u00e8re \u00e9tape Tro Div Ster 2011|http:\/\/www.youtube.com\/watch?v=-vkxSliuJq0<\/p>\n<p>Pr\u00e9sentation de la 2\u00e8me \u00e9tape Tro Div Ster 2011|http:\/\/www.youtube.com\/watch?v=E37HoKcxAVo<\/p>\n<p>Pr\u00e9sentation de la 3\u00e8me \u00e9tape Tro Div Ster 2011|http:\/\/www.youtube.com\/watch?v=gdEzkB0HSrY<\/p>\n<p>Conclusion de la pr\u00e9sentation du Tro Div Ster 2011|http:\/\/www.youtube.com\/watch?v=h1X9IXbyegc<\/p>\n<p>&nbsp;<\/p>\n<p><strong><span style=\"color: #ff6600;\">Soir\u00e9e de pr\u00e9sentation des \u00e9quipes (18\/02\/2011)<\/span><\/strong><\/p>\n<p><span style=\"line-height: 1.5em;\">Mise en place, Introduction, Personnalit\u00e9s|http:\/\/www.youtube.com\/watch?v=276cjgMZ5K0<\/span><\/p>\n<p>Animation musicale Les Insatiables (Groupe Hip-Hop) |http:\/\/www.youtube.com\/watch?v=w0AF_neTqHU<\/p>\n<p>Pr\u00e9sentation de l&rsquo;Ecole de Cyclisme (les plus jeunes) |http:\/\/www.youtube.com\/watch?v=NjnmZmkvAWg<\/p>\n<p>Pr\u00e9sentation des Benjamins et des Minimes |http:\/\/www.youtube.com\/watch?v=-woZqewRZtY<\/p>\n<p>Pr\u00e9sentation des Cadettes et Cadets lanest\u00e9riens |http:\/\/www.youtube.com\/watch?v=WK3g48jWhgA<\/p>\n<p>Pr\u00e9sentation des Juniors et 3\u00e8me Cat\u00e9gorie |http:\/\/www.youtube.com\/watch?v=sfg7dFZBJ2I<\/p>\n<p>Pr\u00e9sentation de l&rsquo;\u00e9quipe DN2 1\u00e8re et 2\u00e8me Cat\u00e9gorie |http:\/\/www.youtube.com\/watch?v=1V8tv9ihKDc<\/p>\n<p><span style=\"line-height: 1.5em;\">\u00a0<\/span><\/p>\n<p><span style=\"text-decoration: underline;\"><strong><span style=\"font-size: large;\">Vid\u00e9os 2010 : <\/span><\/strong><\/span><\/p>\n<p><span style=\"line-height: 1.5em;\">Montage ligne d&rsquo;arriv\u00e9e Tro Div Ster 2010|http:\/\/www.youtube.com\/watch?v=CmzZ1no8B38<\/span><\/p>\n<p>Contre la montre par \u00e9quipe AC Lanester 56|http:\/\/www.youtube.com\/watch?v=R9wR_0tMyuY<\/p>\n<p>Contre la montre par \u00e9quipe EC Qu\u00e9ven|http:\/\/www.youtube.com\/watch?v=TiFi4jDvSE0<\/p>\n<p>&nbsp;<\/p>\n","protected":false},"excerpt":{"rendered":"<p>Vid\u00e9os 2011 : \u00a0 Tro Div Ster 2011 Course d&rsquo;attente cadets \u00e0 Lanester : Mini-comp\u00e9tition de l&rsquo;Ecole de Cyclisme 16-04-2011 [&hellip;]<\/p>\n","protected":false},"author":2,"featured_media":0,"parent":0,"menu_order":0,"comment_status":"open","ping_status":"closed","template":"","meta":{"ngg_post_thumbnail":0,"footnotes":""},"class_list":["post-16015","page","type-page","status-publish","format-standard","hentry"],"yoast_head":"<!-- This site is optimized with the Yoast SEO plugin v27.6 - https:\/\/yoast.com\/product\/yoast-seo-wordpress\/ -->\n<title>Vid\u00e9os - Avenir Cycliste Lanester 56<\/title>\n<meta name=\"robots\" content=\"index, follow, max-snippet:-1, max-image-preview:large, max-video-preview:-1\" \/>\n<link rel=\"canonical\" href=\"https:\/\/www.aclanester56.com\/velo\/videos\/\" \/>\n<meta property=\"og:locale\" content=\"fr_FR\" \/>\n<meta property=\"og:type\" content=\"article\" \/>\n<meta property=\"og:title\" content=\"Vid\u00e9os - Avenir Cycliste Lanester 56\" \/>\n<meta property=\"og:description\" content=\"Vid\u00e9os 2011 : \u00a0 Tro Div Ster 2011 Course d&rsquo;attente cadets \u00e0 Lanester : Mini-comp\u00e9tition de l&rsquo;Ecole de Cyclisme 16-04-2011 [&hellip;]\" \/>\n<meta property=\"og:url\" content=\"https:\/\/www.aclanester56.com\/velo\/videos\/\" \/>\n<meta property=\"og:site_name\" content=\"Avenir Cycliste Lanester 56\" \/>\n<meta property=\"article:publisher\" content=\"https:\/\/www.facebook.com\/pages\/AC-Lanester-56\/190286300991242?fref=ts\" \/>\n<meta property=\"article:modified_time\" content=\"2013-12-15T21:42:33+00:00\" \/>\n<meta name=\"twitter:label1\" content=\"Dur\u00e9e de lecture estim\u00e9e\" \/>\n\t<meta name=\"twitter:data1\" content=\"1 minute\" \/>\n<script type=\"application\/ld+json\" class=\"yoast-schema-graph\">{\"@context\":\"https:\\\/\\\/schema.org\",\"@graph\":[{\"@type\":\"WebPage\",\"@id\":\"https:\\\/\\\/www.aclanester56.com\\\/velo\\\/videos\\\/\",\"url\":\"https:\\\/\\\/www.aclanester56.com\\\/velo\\\/videos\\\/\",\"name\":\"Vid\u00e9os - Avenir Cycliste Lanester 56\",\"isPartOf\":{\"@id\":\"https:\\\/\\\/www.aclanester56.com\\\/velo\\\/#website\"},\"datePublished\":\"2013-12-13T22:00:29+00:00\",\"dateModified\":\"2013-12-15T21:42:33+00:00\",\"inLanguage\":\"fr-FR\",\"potentialAction\":[{\"@type\":\"ReadAction\",\"target\":[\"https:\\\/\\\/www.aclanester56.com\\\/velo\\\/videos\\\/\"]}]},{\"@type\":\"WebSite\",\"@id\":\"https:\\\/\\\/www.aclanester56.com\\\/velo\\\/#website\",\"url\":\"https:\\\/\\\/www.aclanester56.com\\\/velo\\\/\",\"name\":\"Avenir Cycliste Lanester 56\",\"description\":\"Club cycliste de l&#039;AC LANESTER 56\",\"publisher\":{\"@id\":\"https:\\\/\\\/www.aclanester56.com\\\/velo\\\/#organization\"},\"potentialAction\":[{\"@type\":\"SearchAction\",\"target\":{\"@type\":\"EntryPoint\",\"urlTemplate\":\"https:\\\/\\\/www.aclanester56.com\\\/velo\\\/?s={search_term_string}\"},\"query-input\":{\"@type\":\"PropertyValueSpecification\",\"valueRequired\":true,\"valueName\":\"search_term_string\"}}],\"inLanguage\":\"fr-FR\"},{\"@type\":\"Organization\",\"@id\":\"https:\\\/\\\/www.aclanester56.com\\\/velo\\\/#organization\",\"name\":\"Avenir Cycliste Lanester 56\",\"url\":\"https:\\\/\\\/www.aclanester56.com\\\/velo\\\/\",\"logo\":{\"@type\":\"ImageObject\",\"inLanguage\":\"fr-FR\",\"@id\":\"https:\\\/\\\/www.aclanester56.com\\\/velo\\\/#\\\/schema\\\/logo\\\/image\\\/\",\"url\":\"https:\\\/\\\/www.aclanester56.com\\\/velo\\\/wp-content\\\/uploads\\\/2013\\\/04\\\/logo-ACL.jpg\",\"contentUrl\":\"https:\\\/\\\/www.aclanester56.com\\\/velo\\\/wp-content\\\/uploads\\\/2013\\\/04\\\/logo-ACL.jpg\",\"width\":400,\"height\":334,\"caption\":\"Avenir Cycliste Lanester 56\"},\"image\":{\"@id\":\"https:\\\/\\\/www.aclanester56.com\\\/velo\\\/#\\\/schema\\\/logo\\\/image\\\/\"},\"sameAs\":[\"https:\\\/\\\/www.facebook.com\\\/pages\\\/AC-Lanester-56\\\/190286300991242?fref=ts\"]}]}<\/script>\n<!-- \/ Yoast SEO plugin. -->","yoast_head_json":{"title":"Vid\u00e9os - Avenir Cycliste Lanester 56","robots":{"index":"index","follow":"follow","max-snippet":"max-snippet:-1","max-image-preview":"max-image-preview:large","max-video-preview":"max-video-preview:-1"},"canonical":"https:\/\/www.aclanester56.com\/velo\/videos\/","og_locale":"fr_FR","og_type":"article","og_title":"Vid\u00e9os - Avenir Cycliste Lanester 56","og_description":"Vid\u00e9os 2011 : \u00a0 Tro Div Ster 2011 Course d&rsquo;attente cadets \u00e0 Lanester : Mini-comp\u00e9tition de l&rsquo;Ecole de Cyclisme 16-04-2011 [&hellip;]","og_url":"https:\/\/www.aclanester56.com\/velo\/videos\/","og_site_name":"Avenir Cycliste Lanester 56","article_publisher":"https:\/\/www.facebook.com\/pages\/AC-Lanester-56\/190286300991242?fref=ts","article_modified_time":"2013-12-15T21:42:33+00:00","twitter_misc":{"Dur\u00e9e de lecture estim\u00e9e":"1 minute"},"schema":{"@context":"https:\/\/schema.org","@graph":[{"@type":"WebPage","@id":"https:\/\/www.aclanester56.com\/velo\/videos\/","url":"https:\/\/www.aclanester56.com\/velo\/videos\/","name":"Vid\u00e9os - Avenir Cycliste Lanester 56","isPartOf":{"@id":"https:\/\/www.aclanester56.com\/velo\/#website"},"datePublished":"2013-12-13T22:00:29+00:00","dateModified":"2013-12-15T21:42:33+00:00","inLanguage":"fr-FR","potentialAction":[{"@type":"ReadAction","target":["https:\/\/www.aclanester56.com\/velo\/videos\/"]}]},{"@type":"WebSite","@id":"https:\/\/www.aclanester56.com\/velo\/#website","url":"https:\/\/www.aclanester56.com\/velo\/","name":"Avenir Cycliste Lanester 56","description":"Club cycliste de l&#039;AC LANESTER 56","publisher":{"@id":"https:\/\/www.aclanester56.com\/velo\/#organization"},"potentialAction":[{"@type":"SearchAction","target":{"@type":"EntryPoint","urlTemplate":"https:\/\/www.aclanester56.com\/velo\/?s={search_term_string}"},"query-input":{"@type":"PropertyValueSpecification","valueRequired":true,"valueName":"search_term_string"}}],"inLanguage":"fr-FR"},{"@type":"Organization","@id":"https:\/\/www.aclanester56.com\/velo\/#organization","name":"Avenir Cycliste Lanester 56","url":"https:\/\/www.aclanester56.com\/velo\/","logo":{"@type":"ImageObject","inLanguage":"fr-FR","@id":"https:\/\/www.aclanester56.com\/velo\/#\/schema\/logo\/image\/","url":"https:\/\/www.aclanester56.com\/velo\/wp-content\/uploads\/2013\/04\/logo-ACL.jpg","contentUrl":"https:\/\/www.aclanester56.com\/velo\/wp-content\/uploads\/2013\/04\/logo-ACL.jpg","width":400,"height":334,"caption":"Avenir Cycliste Lanester 56"},"image":{"@id":"https:\/\/www.aclanester56.com\/velo\/#\/schema\/logo\/image\/"},"sameAs":["https:\/\/www.facebook.com\/pages\/AC-Lanester-56\/190286300991242?fref=ts"]}]}},"_links":{"self":[{"href":"https:\/\/www.aclanester56.com\/velo\/wp-json\/wp\/v2\/pages\/16015","targetHints":{"allow":["GET"]}}],"collection":[{"href":"https:\/\/www.aclanester56.com\/velo\/wp-json\/wp\/v2\/pages"}],"about":[{"href":"https:\/\/www.aclanester56.com\/velo\/wp-json\/wp\/v2\/types\/page"}],"author":[{"embeddable":true,"href":"https:\/\/www.aclanester56.com\/velo\/wp-json\/wp\/v2\/users\/2"}],"replies":[{"embeddable":true,"href":"https:\/\/www.aclanester56.com\/velo\/wp-json\/wp\/v2\/comments?post=16015"}],"version-history":[{"count":0,"href":"https:\/\/www.aclanester56.com\/velo\/wp-json\/wp\/v2\/pages\/16015\/revisions"}],"wp:attachment":[{"href":"https:\/\/www.aclanester56.com\/velo\/wp-json\/wp\/v2\/media?parent=16015"}],"curies":[{"name":"wp","href":"https:\/\/api.w.org\/{rel}","templated":true}]}}