{"id":39939,"date":"2019-01-03T23:43:13","date_gmt":"2019-01-03T21:43:13","guid":{"rendered":"https:\/\/www.aclanester56.com\/velo\/?page_id=39939"},"modified":"2025-02-01T01:56:38","modified_gmt":"2025-01-31T23:56:38","slug":"reglement-interieur","status":"publish","type":"page","link":"https:\/\/www.aclanester56.com\/velo\/reglement-interieur\/","title":{"rendered":"R\u00e8glement int\u00e9rieur"},"content":{"rendered":"<p><strong>A<\/strong><strong>VENIR CYCLISTE LANESTER 56 &#8211; <\/strong><strong><em>R\u00c8GLEMENT INT\u00c9RIEUR<\/em><\/strong><\/p>\n<p><span style=\"font-weight: 400;\">Le pr\u00e9sent r\u00e8glement int\u00e9rieur, <\/span><b>valid\u00e9 le 21\/10\/2023,<\/b><span style=\"font-weight: 400;\"> est de la comp\u00e9tence exclusive du Comit\u00e9 Directeur.<\/span><\/p>\n<p><span style=\"font-weight: 400;\">Le(la) licenci\u00e9(e) et\/ou son(sa) repr\u00e9sentant(e) l\u00e9gal(e) doivent se soumettre au r\u00e8glement int\u00e9rieur et \u00e0 la charte du club et accepter sans r\u00e9serves.<\/span><\/p>\n<p><b>Article 1 : G\u00e9n\u00e9ralit\u00e9s<\/b><b><br \/>\n<\/b><span style=\"font-weight: 400;\">Le club \u00ab Avenir Cycliste Lanester 56 \u00bb (ACL 56) est une association sportive g\u00e9r\u00e9e par un Bureau (compos\u00e9 de 8 b\u00e9n\u00e9voles \u00e9lus, cf article 7 des statuts du club) et ayant pour orientation principale la pratique du cyclisme de comp\u00e9tition. Le si\u00e8ge social est situ\u00e9 au 73 avenue Kesler Devillers \u00e0 Lanester.<\/span><span style=\"font-weight: 400;\"><br \/>\n<\/span><span style=\"font-weight: 400;\">Le club est affili\u00e9 \u00e0 la F\u00e9d\u00e9ration Fran\u00e7aise de Cyclisme (FFC).<\/span><span style=\"font-weight: 400;\"><br \/>\n<\/span><span style=\"font-weight: 400;\">Les licences sont valables du 1er janvier au 31 d\u00e9cembre (ann\u00e9e civile). Les nouveaux licenci\u00e9s peuvent se faire d\u00e9livrer, \u00e0 compter du 1er septembre, leur premi\u00e8re licence portant le mill\u00e9sime de l\u2019ann\u00e9e suivante.<\/span><\/p>\n<p><b>Article 2 : Les organisations du club<\/b><b><br \/>\n<\/b><span style=\"font-weight: 400;\">Chaque licenci\u00e9(e) et\/ou son(sa) repr\u00e9sentant(e) l\u00e9gal(e) s\u2019engage \u00e0 r\u00e9pondre aux sollicitations du club :<\/span><span style=\"font-weight: 400;\"><br \/>\n<\/span><span style=\"font-weight: 400;\">\u2022 Pour \u00eatre b\u00e9n\u00e9vole ou \u00eatre repr\u00e9sent\u00e9(e) aux manifestations\/\u00e9preuves de l\u2019ann\u00e9e en cours<\/span><span style=\"font-weight: 400;\"><br \/>\n<\/span><span style=\"font-weight: 400;\">\u2022 \u00catre pr\u00e9sent(e) lors de la pr\u00e9sentation officielle annuelle du club.<\/span><\/p>\n<p><b>Article 3 : Les \u00e9quipements<\/b><b><br \/>\n<\/b><span style=\"font-weight: 400;\">L\u2019adh\u00e9sion \u00e0 l\u2019Avenir Cycliste Lanester 56 ouvre droit \u00e0 une dotation comme suit :<\/span><\/p>\n<ul>\n<li style=\"font-weight: 400;\" aria-level=\"1\"><span style=\"font-weight: 400;\">Ecole de Cyclisme : maillot manches courtes, cuissard, socquettes ; la veste manches longues est pr\u00eat\u00e9e par le club et est \u00e0 restituer si changement de taille et\/ou en fin de saison)<\/span><\/li>\n<li style=\"font-weight: 400;\" aria-level=\"1\"><span style=\"font-weight: 400;\">U15 : maillot manches courtes, cuissard, socquettes et une veste tous les 2 ans<\/span><\/li>\n<li style=\"font-weight: 400;\" aria-level=\"1\"><span style=\"font-weight: 400;\">&nbsp;U17, U19, Open, Elites : maillots manches courtes, cuissard, socquettes, manchettes, collant\/veste tous les 2 ans<\/span><\/li>\n<li style=\"font-weight: 400;\" aria-level=\"1\"><span style=\"font-weight: 400;\">Access : Equipement \u00e0 la charge du (de la) licenci\u00e9(e)<\/span><span style=\"font-weight: 400;\"><br \/>\n<\/span><\/li>\n<\/ul>\n<p><span style=\"font-weight: 400;\">Si le licenci\u00e9 demande le changement d\u2019un \u00e9quipement, il devra restituer celui en sa possession pour avoir un autre.<\/span><\/p>\n<p><span style=\"font-weight: 400;\">Tout \u00e9quipement est propri\u00e9t\u00e9 du club et peut \u00eatre r\u00e9clam\u00e9 \u00e0 tout moment.<\/span><\/p>\n<p><span style=\"font-weight: 400;\">Le coureur ou le(la) repr\u00e9sentant(e) l\u00e9gal(e) verse au club une caution, par ch\u00e8que, de :<\/span><\/p>\n<ul>\n<li style=\"font-weight: 400;\" aria-level=\"1\"><span style=\"font-weight: 400;\">50 euros pour la cat\u00e9gorie : Ecole de Cyclisme<\/span><\/li>\n<li style=\"font-weight: 400;\" aria-level=\"1\"><span style=\"font-weight: 400;\">100 euro la cat\u00e9gorie : U15<\/span><\/li>\n<li style=\"font-weight: 400;\" aria-level=\"1\"><span style=\"font-weight: 400;\">150 euros pour les cat\u00e9gorie : U17, U19, Open et Elites<\/span>&nbsp;<\/li>\n<\/ul>\n<p><span style=\"font-weight: 400;\">En revanche, le ch\u00e8que de caution sera encaiss\u00e9 en cas de :<\/span><\/p>\n<ul>\n<li style=\"font-weight: 400;\" aria-level=\"1\"><span style=\"font-weight: 400;\">Non restitution des \u00e9quipements au d\u00e9part du club (soit pour mutation, arr\u00eat)<\/span><\/li>\n<li style=\"font-weight: 400;\" aria-level=\"1\"><span style=\"font-weight: 400;\">Apposition volontaire de logos diff\u00e9rents des annonceurs officiels du club, apposition d\u2019inscriptions ou dessins suppl\u00e9mentaires<\/span><\/li>\n<li style=\"font-weight: 400;\" aria-level=\"1\"><span style=\"font-weight: 400;\">Non respect de l\u2019article 2<\/span>&nbsp;<\/li>\n<\/ul>\n<p><span style=\"font-weight: 400;\">POUR LE RESPECT DES PARTENAIRES DU CLUB QUI FONT VIVRE LE CLUB ET QUI FINANCENT LES EQUIPEMENTS, LE PORT DE L\u2019EQUIPEMENT EST OBLIGATOIRE EN COURSE COMME A L\u2019ENTRA\u00ceNEMENT AINSI QU\u2019AUX DIFFERENTES CEREMONIES PROTOCOLAIRES, EXCEPTIONS FAITES LORS DES SELECTIONS.<\/span><span style=\"font-weight: 400;\"><br \/>\n<\/span><span style=\"font-weight: 400;\">Tout port d\u2019autres \u00e9quipements que celui de l\u2019ann\u00e9e, lors des comp\u00e9titions et c\u00e9r\u00e9monies protocolaires sera passible d\u2019une amende \u00e0 r\u00e9gler \u00e0 l\u2019ACL 56 :<\/span><span style=\"font-weight: 400;\"><br \/>\n<\/span><span style=\"font-weight: 400;\">\u2022 Pour l\u2019\u00e9cole de cyclisme : 2 \u20ac<\/span><span style=\"font-weight: 400;\"><br \/>\n<\/span><span style=\"font-weight: 400;\">\u2022 Pour les autres cat\u00e9gories : 30 \u20ac<\/span><\/p>\n<p><b>Article 4 : Les engagements<\/b><b><br \/>\n<\/b><span style=\"font-weight: 400;\">Pour toutes les cat\u00e9gories de coureurs : Ecole de Cyclisme, U15, U17, U19 et Seniors, la prise de licence implique la participation \u00e0 un minimum de courses, \u00e0 savoir :<\/span><\/p>\n<ul>\n<li style=\"font-weight: 400;\" aria-level=\"1\"><span style=\"font-weight: 400;\">Le troph\u00e9e d\u00e9partemental, le Circuit des jeunes et 3 autres \u00e9preuves du calendrier pour la cat\u00e9gorie Ecole de Cyclisme<\/span><\/li>\n<li style=\"font-weight: 400;\" aria-level=\"1\"><span style=\"font-weight: 400;\">Le championnat du Morbihan et 9 \u00e9preuves (dont celles organis\u00e9es par l\u2019ACL 56) pour la cat\u00e9gorie U15<\/span><\/li>\n<li style=\"font-weight: 400;\" aria-level=\"1\"><span style=\"font-weight: 400;\">Le championnat du Morbihan et 14 \u00e9preuves (dont celles organis\u00e9es par l\u2019ACL 56) pour la cat\u00e9gorie U17<\/span><\/li>\n<li style=\"font-weight: 400;\" aria-level=\"1\"><span style=\"font-weight: 400;\">15 \u00e9preuves pour les Access<\/span><\/li>\n<li style=\"font-weight: 400;\" aria-level=\"1\"><span style=\"font-weight: 400;\">20 \u00e9preuves pour les U19, Open et Elites<\/span><\/li>\n<\/ul>\n<p><span style=\"font-weight: 400;\">Le coureur et\/ou le repr\u00e9sentant l\u00e9gal du coureur verse au club, par virement avant le 15 f\u00e9vrier, la somme de :<\/span><\/p>\n<ul>\n<li style=\"font-weight: 400;\" aria-level=\"1\"><span style=\"font-weight: 400;\">10 euros pour l\u2019\u00e9cole de cyclisme (soit l\u2019\u00e9quivalent de 5 engagements)<\/span><\/li>\n<li style=\"font-weight: 400;\" aria-level=\"1\"><span style=\"font-weight: 400;\">50 euros pour les U15\/minimes (soit l\u2019\u00e9quivalent de 8 engagements, environ)<\/span><\/li>\n<li style=\"font-weight: 400;\" aria-level=\"1\"><span style=\"font-weight: 400;\">100 euros pour les U17\/cadets (soit l\u2019\u00e9quivalent de 15 engagements, environ)<\/span><\/li>\n<li style=\"font-weight: 400;\" aria-level=\"1\"><span style=\"font-weight: 400;\">125 euros pour les Access, (soit l\u2019\u00e9quivalent de 15 engagements, environ)<\/span><\/li>\n<li style=\"font-weight: 400;\" aria-level=\"1\"><span style=\"font-weight: 400;\">170 euros pour les Open (soit l\u2019\u00e9quivalent de 20 engagements, environ)<\/span><\/li>\n<\/ul>\n<p><span style=\"font-weight: 400;\">Des r\u00e9gularisations seront r\u00e9alis\u00e9es p\u00e9riodiquement, en cours d\u2019ann\u00e9e : en cas de solde n\u00e9gatif, les engagements seront suspendus.<\/span><span style=\"font-weight: 400;\"><br \/>\n<\/span><span style=\"font-weight: 400;\">Si le coureur ne respecte pas le nombre minimum d\u2019engagements pr\u00e9vus comme ci-dessus, il devra faire une demande \u00e9crite au Pr\u00e9sident, stipulant les raisons du manquement \u00e0 cette obligation pour demander un \u00e9ventuel remboursement. Le bureau de l\u2019Avenir Cycliste Lanester 56 statuera sur ladite demande. Tout membre dirigeant et tout coureur doivent s\u2019acquitter d\u2019une cotisation dont le montant est de cinquante (50) euros, \u00e0 r\u00e9gler en compl\u00e9ment de la demande de prise de licence.<\/span><span style=\"font-weight: 400;\"><br \/>\n<\/span><span style=\"font-weight: 400;\">Les demandes d\u2019engagements sont \u00e0 faire aupr\u00e8s du responsable engagements du club.<\/span><span style=\"font-weight: 400;\"><br \/>\n<\/span><span style=\"font-weight: 400;\">Lorsqu\u2019un coureur mute au club, le coureur s\u2019engage \u00e0 rester au moins deux ans en tant que coureur, \u00e0 d\u00e9faut il devra r\u00e9gler la moiti\u00e9 des frais de mutation (imprim\u00e9, mutation et\/ou frais de formation) de l\u2019ann\u00e9e de sa venue, qui auraient \u00e9t\u00e9 engag\u00e9s par le Club.<\/span><\/p>\n<p><b>Article 5 : Les assurances<\/b><b><br \/>\n<\/b><span style=\"font-weight: 400;\">Le coureur ou le repr\u00e9sentant du coureur a pris connaissance des diff\u00e9rentes possibilit\u00e9s d\u2019assurances compl\u00e9mentaires propos\u00e9es avec la demande de licence par la FFC et d\u00e9gage toute responsabilit\u00e9 du club pour les risques non couverts par la licence.<\/span><\/p>\n<p><b>Article 6 : Responsabilit\u00e9 personnelle<\/b><b><br \/>\n<\/b><span style=\"font-weight: 400;\">Tout licenci\u00e9 et\/ou son repr\u00e9sentant l\u00e9gal devra prendre toutes les mesures ad\u00e9quates (assurances, v\u00e9rification de la bonne tenue du mat\u00e9riel sur et dans les v\u00e9hicules de l\u2019ACL 56, liste non exhaustive) afin de s\u00e9curiser ses effets personnels (v\u00e9lo, compteurs, roues, \u2026) lors des d\u00e9placements avec les v\u00e9hicules du club. L\u2019ACL 56 ou les encadrants ne pourront \u00eatre tenus responsables de la moindre d\u00e9gradation, perte ou vol. Le(la) licenci\u00e9(e) est le(a) seul(e) responsable de son mat\u00e9riel ; il est de sa responsabilit\u00e9 de v\u00e9rifier la bonne fixation sur les dispositifs de transport des v\u00e9hicules du club. Aucune compensation financi\u00e8re ou mat\u00e9riel ne sera octroy\u00e9e ou ne pourra \u00eatre r\u00e9clam\u00e9e.<\/span><\/p>\n<p><b>Article 7 : La vie du club<\/b><b><br \/>\n<\/b><span style=\"font-weight: 400;\">Le club s\u2019engage \u00e0 :<\/span><span style=\"font-weight: 400;\"><br \/>\n<\/span><span style=\"font-weight: 400;\">\u2022 Prendre \u00e0 sa charge les frais relatifs \u00e0 la logistique lors des d\u00e9placements en \u00e9quipes constitu\u00e9es \u00e0 l\u2019exception du premier repas<\/span><span style=\"font-weight: 400;\"><br \/>\n<\/span><span style=\"font-weight: 400;\">\u2022 Prendre \u00e0 sa charge les frais d\u2019engagement aux diff\u00e9rents championnats organis\u00e9s par la FFC<\/span><span style=\"font-weight: 400;\"><br \/>\n<\/span><span style=\"font-weight: 400;\">\u2022 Verser les prix re\u00e7us par le Comit\u00e9 de Bretagne, sous r\u00e9serve que le solde du licenci\u00e9 vis \u00e0 vis du club ne soit pas d\u00e9biteur<\/span><span style=\"font-weight: 400;\"><br \/>\n<\/span><span style=\"font-weight: 400;\">\u2022 Programmer des entra\u00eenements collectifs \u00e0 la diligence des encadrants respectifs<\/span><\/p>\n<p><b>Article 8 : Droit \u00e0 l\u2019image<\/b><b><br \/>\n<\/b><span style=\"font-weight: 400;\">Le Club peut utiliser des photos et vid\u00e9os pour mettre en valeur ses activit\u00e9s li\u00e9es \u00e0 la pratique du cyclisme ou pour ses manifestation organis\u00e9e par l&rsquo;association. L\u2019adh\u00e9sion \u00e0 l\u2019association vaut autorisation de droit \u00e0 l\u2019image.<\/span><\/p>\n<p><b>Article 9 : Communication<\/b><b><br \/>\n<\/b><span style=\"font-weight: 400;\">Le club utilise les moyens n\u00e9cessaires \u00e0 sa reconnaissance \u00e0 travers la presse et les r\u00e9seaux sociaux. De ce fait, tous les membres du club sont tenus \u00e0 un droit de r\u00e9serve. Tout contrevenant fera l\u2019objet d\u2019une proc\u00e9dure disciplinaire.<\/span><\/p>\n<p><b>Article 10 : Fonctionnement interne<\/b><b><br \/>\n<\/b><span style=\"font-weight: 400;\">Seules les personnes mandat\u00e9es par le Pr\u00e9sident ou le Tr\u00e9sorier sont autoris\u00e9es \u00e0 engager des d\u00e9penses au nom du club. Lors de missions mandat\u00e9es par le club, les dirigeants pourront se voir prendre en charge leurs frais d\u2019inscriptions \u00e0 des formations f\u00e9d\u00e9rales et \u00e0 usage du club. En revanche, le ou les membres b\u00e9n\u00e9ficiant de ce r\u00e9gime se doivent de rester au club, trois (3) ans. Toute demande avant ce d\u00e9lai sera examin\u00e9e par le bureau.<\/span><\/p>\n<p><b>Article 11 : Discipline<\/b><b><br \/>\n<\/b><span style=\"font-weight: 400;\">Certaines circonstances peuvent amener le Comit\u00e9 Directeur \u00e0 statuer sur d\u2019\u00e9ventuelles sanctions (allant de l\u2019avertissement \u00e0 l\u2019exclusion) en cas du non-respect caract\u00e9ris\u00e9 du pr\u00e9sent r\u00e8glement et de la charte.<\/span><\/p>\n<p><b>Article 12 : Divers<\/b><b><br \/>\n<\/b><span style=\"font-weight: 400;\">Tout cas non pr\u00e9vu par le pr\u00e9sent r\u00e8glement sera r\u00e9gl\u00e9 par le bureau et\/ou le comit\u00e9 directeur.<\/span><\/p>\n<p><a href=\"https:\/\/www.aclanester56.com\/velo\/wp-content\/uploads\/2025\/02\/ACL56-Reglement-interieur-2023.10.21.pdf\">R\u00e8glement Int\u00e9rieur ACL 56 10012023<\/a><\/p>\n<p>&nbsp;<\/p>\n<p>&nbsp;<\/p>\n","protected":false},"excerpt":{"rendered":"<p>AVENIR CYCLISTE LANESTER 56 &#8211; R\u00c8GLEMENT INT\u00c9RIEUR Le pr\u00e9sent r\u00e8glement int\u00e9rieur, valid\u00e9 le 21\/10\/2023, est de la comp\u00e9tence exclusive du [&hellip;]<\/p>\n","protected":false},"author":2,"featured_media":0,"parent":0,"menu_order":0,"comment_status":"closed","ping_status":"closed","template":"","meta":{"ngg_post_thumbnail":0,"footnotes":""},"class_list":["post-39939","page","type-page","status-publish","format-standard","hentry"],"yoast_head":"<!-- This site is optimized with the Yoast SEO plugin v27.5 - https:\/\/yoast.com\/product\/yoast-seo-wordpress\/ -->\n<title>R\u00e8glement int\u00e9rieur - Avenir Cycliste Lanester 56<\/title>\n<meta name=\"robots\" content=\"index, follow, max-snippet:-1, max-image-preview:large, max-video-preview:-1\" \/>\n<link rel=\"canonical\" href=\"https:\/\/www.aclanester56.com\/velo\/reglement-interieur\/\" \/>\n<meta property=\"og:locale\" content=\"fr_FR\" \/>\n<meta property=\"og:type\" content=\"article\" \/>\n<meta property=\"og:title\" content=\"R\u00e8glement int\u00e9rieur - Avenir Cycliste Lanester 56\" \/>\n<meta property=\"og:description\" content=\"AVENIR CYCLISTE LANESTER 56 &#8211; R\u00c8GLEMENT INT\u00c9RIEUR Le pr\u00e9sent r\u00e8glement int\u00e9rieur, valid\u00e9 le 21\/10\/2023, est de la comp\u00e9tence exclusive du [&hellip;]\" \/>\n<meta property=\"og:url\" content=\"https:\/\/www.aclanester56.com\/velo\/reglement-interieur\/\" \/>\n<meta property=\"og:site_name\" content=\"Avenir Cycliste Lanester 56\" \/>\n<meta property=\"article:publisher\" content=\"https:\/\/www.facebook.com\/pages\/AC-Lanester-56\/190286300991242?fref=ts\" \/>\n<meta property=\"article:modified_time\" content=\"2025-01-31T23:56:38+00:00\" \/>\n<meta name=\"twitter:label1\" content=\"Dur\u00e9e de lecture estim\u00e9e\" \/>\n\t<meta name=\"twitter:data1\" content=\"7 minutes\" \/>\n<script type=\"application\/ld+json\" class=\"yoast-schema-graph\">{\"@context\":\"https:\\\/\\\/schema.org\",\"@graph\":[{\"@type\":\"WebPage\",\"@id\":\"https:\\\/\\\/www.aclanester56.com\\\/velo\\\/reglement-interieur\\\/\",\"url\":\"https:\\\/\\\/www.aclanester56.com\\\/velo\\\/reglement-interieur\\\/\",\"name\":\"R\u00e8glement int\u00e9rieur - Avenir Cycliste Lanester 56\",\"isPartOf\":{\"@id\":\"https:\\\/\\\/www.aclanester56.com\\\/velo\\\/#website\"},\"datePublished\":\"2019-01-03T21:43:13+00:00\",\"dateModified\":\"2025-01-31T23:56:38+00:00\",\"inLanguage\":\"fr-FR\",\"potentialAction\":[{\"@type\":\"ReadAction\",\"target\":[\"https:\\\/\\\/www.aclanester56.com\\\/velo\\\/reglement-interieur\\\/\"]}]},{\"@type\":\"WebSite\",\"@id\":\"https:\\\/\\\/www.aclanester56.com\\\/velo\\\/#website\",\"url\":\"https:\\\/\\\/www.aclanester56.com\\\/velo\\\/\",\"name\":\"Avenir Cycliste Lanester 56\",\"description\":\"Club cycliste de l&#039;AC LANESTER 56\",\"publisher\":{\"@id\":\"https:\\\/\\\/www.aclanester56.com\\\/velo\\\/#organization\"},\"potentialAction\":[{\"@type\":\"SearchAction\",\"target\":{\"@type\":\"EntryPoint\",\"urlTemplate\":\"https:\\\/\\\/www.aclanester56.com\\\/velo\\\/?s={search_term_string}\"},\"query-input\":{\"@type\":\"PropertyValueSpecification\",\"valueRequired\":true,\"valueName\":\"search_term_string\"}}],\"inLanguage\":\"fr-FR\"},{\"@type\":\"Organization\",\"@id\":\"https:\\\/\\\/www.aclanester56.com\\\/velo\\\/#organization\",\"name\":\"Avenir Cycliste Lanester 56\",\"url\":\"https:\\\/\\\/www.aclanester56.com\\\/velo\\\/\",\"logo\":{\"@type\":\"ImageObject\",\"inLanguage\":\"fr-FR\",\"@id\":\"https:\\\/\\\/www.aclanester56.com\\\/velo\\\/#\\\/schema\\\/logo\\\/image\\\/\",\"url\":\"https:\\\/\\\/www.aclanester56.com\\\/velo\\\/wp-content\\\/uploads\\\/2013\\\/04\\\/logo-ACL.jpg\",\"contentUrl\":\"https:\\\/\\\/www.aclanester56.com\\\/velo\\\/wp-content\\\/uploads\\\/2013\\\/04\\\/logo-ACL.jpg\",\"width\":400,\"height\":334,\"caption\":\"Avenir Cycliste Lanester 56\"},\"image\":{\"@id\":\"https:\\\/\\\/www.aclanester56.com\\\/velo\\\/#\\\/schema\\\/logo\\\/image\\\/\"},\"sameAs\":[\"https:\\\/\\\/www.facebook.com\\\/pages\\\/AC-Lanester-56\\\/190286300991242?fref=ts\"]}]}<\/script>\n<!-- \/ Yoast SEO plugin. -->","yoast_head_json":{"title":"R\u00e8glement int\u00e9rieur - Avenir Cycliste Lanester 56","robots":{"index":"index","follow":"follow","max-snippet":"max-snippet:-1","max-image-preview":"max-image-preview:large","max-video-preview":"max-video-preview:-1"},"canonical":"https:\/\/www.aclanester56.com\/velo\/reglement-interieur\/","og_locale":"fr_FR","og_type":"article","og_title":"R\u00e8glement int\u00e9rieur - Avenir Cycliste Lanester 56","og_description":"AVENIR CYCLISTE LANESTER 56 &#8211; R\u00c8GLEMENT INT\u00c9RIEUR Le pr\u00e9sent r\u00e8glement int\u00e9rieur, valid\u00e9 le 21\/10\/2023, est de la comp\u00e9tence exclusive du [&hellip;]","og_url":"https:\/\/www.aclanester56.com\/velo\/reglement-interieur\/","og_site_name":"Avenir Cycliste Lanester 56","article_publisher":"https:\/\/www.facebook.com\/pages\/AC-Lanester-56\/190286300991242?fref=ts","article_modified_time":"2025-01-31T23:56:38+00:00","twitter_misc":{"Dur\u00e9e de lecture estim\u00e9e":"7 minutes"},"schema":{"@context":"https:\/\/schema.org","@graph":[{"@type":"WebPage","@id":"https:\/\/www.aclanester56.com\/velo\/reglement-interieur\/","url":"https:\/\/www.aclanester56.com\/velo\/reglement-interieur\/","name":"R\u00e8glement int\u00e9rieur - Avenir Cycliste Lanester 56","isPartOf":{"@id":"https:\/\/www.aclanester56.com\/velo\/#website"},"datePublished":"2019-01-03T21:43:13+00:00","dateModified":"2025-01-31T23:56:38+00:00","inLanguage":"fr-FR","potentialAction":[{"@type":"ReadAction","target":["https:\/\/www.aclanester56.com\/velo\/reglement-interieur\/"]}]},{"@type":"WebSite","@id":"https:\/\/www.aclanester56.com\/velo\/#website","url":"https:\/\/www.aclanester56.com\/velo\/","name":"Avenir Cycliste Lanester 56","description":"Club cycliste de l&#039;AC LANESTER 56","publisher":{"@id":"https:\/\/www.aclanester56.com\/velo\/#organization"},"potentialAction":[{"@type":"SearchAction","target":{"@type":"EntryPoint","urlTemplate":"https:\/\/www.aclanester56.com\/velo\/?s={search_term_string}"},"query-input":{"@type":"PropertyValueSpecification","valueRequired":true,"valueName":"search_term_string"}}],"inLanguage":"fr-FR"},{"@type":"Organization","@id":"https:\/\/www.aclanester56.com\/velo\/#organization","name":"Avenir Cycliste Lanester 56","url":"https:\/\/www.aclanester56.com\/velo\/","logo":{"@type":"ImageObject","inLanguage":"fr-FR","@id":"https:\/\/www.aclanester56.com\/velo\/#\/schema\/logo\/image\/","url":"https:\/\/www.aclanester56.com\/velo\/wp-content\/uploads\/2013\/04\/logo-ACL.jpg","contentUrl":"https:\/\/www.aclanester56.com\/velo\/wp-content\/uploads\/2013\/04\/logo-ACL.jpg","width":400,"height":334,"caption":"Avenir Cycliste Lanester 56"},"image":{"@id":"https:\/\/www.aclanester56.com\/velo\/#\/schema\/logo\/image\/"},"sameAs":["https:\/\/www.facebook.com\/pages\/AC-Lanester-56\/190286300991242?fref=ts"]}]}},"_links":{"self":[{"href":"https:\/\/www.aclanester56.com\/velo\/wp-json\/wp\/v2\/pages\/39939","targetHints":{"allow":["GET"]}}],"collection":[{"href":"https:\/\/www.aclanester56.com\/velo\/wp-json\/wp\/v2\/pages"}],"about":[{"href":"https:\/\/www.aclanester56.com\/velo\/wp-json\/wp\/v2\/types\/page"}],"author":[{"embeddable":true,"href":"https:\/\/www.aclanester56.com\/velo\/wp-json\/wp\/v2\/users\/2"}],"replies":[{"embeddable":true,"href":"https:\/\/www.aclanester56.com\/velo\/wp-json\/wp\/v2\/comments?post=39939"}],"version-history":[{"count":4,"href":"https:\/\/www.aclanester56.com\/velo\/wp-json\/wp\/v2\/pages\/39939\/revisions"}],"predecessor-version":[{"id":42624,"href":"https:\/\/www.aclanester56.com\/velo\/wp-json\/wp\/v2\/pages\/39939\/revisions\/42624"}],"wp:attachment":[{"href":"https:\/\/www.aclanester56.com\/velo\/wp-json\/wp\/v2\/media?parent=39939"}],"curies":[{"name":"wp","href":"https:\/\/api.w.org\/{rel}","templated":true}]}}