{"id":6851,"date":"2011-02-18T13:19:13","date_gmt":"2011-02-18T12:19:13","guid":{"rendered":"http:\/\/www.aclanester56.com\/velo\/"},"modified":"2012-09-27T20:38:04","modified_gmt":"2012-09-27T19:38:04","slug":"les-equipements","status":"publish","type":"page","link":"https:\/\/www.aclanester56.com\/velo\/la-boutique\/les-equipements\/","title":{"rendered":"<font color=\"#FF00FF\">Les \u00e9quipements<\/font>"},"content":{"rendered":"<p>Bienvenue dans notre boutique en ligne ! N&rsquo;h\u00e9sitez pas \u00e0 nous contacter !<\/p>\n<p><a href=\"http:\/\/www.aclanester56.com\/velo\/wp-content\/uploads\/2011\/02\/maillot_\u00e9t\u00e9_600x6001.png\"><img loading=\"lazy\" decoding=\"async\" class=\"alignleft size-medium wp-image-13188\" title=\"maillot \u00e9t\u00e9 2012 AC Lanester\" src=\"http:\/\/www.aclanester56.com\/velo\/wp-content\/uploads\/2011\/02\/maillot_\u00e9t\u00e9_600x6001-300x272.png\" alt=\"maillot \u00e9t\u00e9 2012 AC Lanester\" width=\"300\" height=\"272\" srcset=\"https:\/\/www.aclanester56.com\/velo\/wp-content\/uploads\/2011\/02\/maillot_\u00e9t\u00e9_600x6001-300x272.png 300w, https:\/\/www.aclanester56.com\/velo\/wp-content\/uploads\/2011\/02\/maillot_\u00e9t\u00e9_600x6001-330x300.png 330w, https:\/\/www.aclanester56.com\/velo\/wp-content\/uploads\/2011\/02\/maillot_\u00e9t\u00e9_600x6001.png 600w\" sizes=\"auto, (max-width: 300px) 100vw, 300px\" \/><\/a><a href=\"http:\/\/www.aclanester56.com\/velo\/wp-content\/uploads\/2011\/02\/AC-LANESTER-BOUT-COUL-2011-rose-NONDISPO.jpg\"><img loading=\"lazy\" decoding=\"async\" class=\"alignnone size-full wp-image-6860\" title=\"Maillot hiver\" src=\"http:\/\/www.aclanester56.com\/velo\/wp-content\/uploads\/2011\/02\/AC-LANESTER-BOUT-COUL-2011-rose-NONDISPO.jpg\" alt=\"\" width=\"290\" height=\"290\" \/><\/a><a href=\"http:\/\/www.aclanester56.com\/velo\/wp-content\/uploads\/2011\/02\/Genouilleres_600x600.png\"><img loading=\"lazy\" decoding=\"async\" class=\"alignnone size-full wp-image-6861\" title=\"Genouill\u00e8res\" src=\"http:\/\/www.aclanester56.com\/velo\/wp-content\/uploads\/2011\/02\/Genouilleres_600x600.png\" alt=\"\" width=\"290\" height=\"290\" \/><\/a><\/p>\n<p><img loading=\"lazy\" decoding=\"async\" class=\"alignnone size-full wp-image-6931\" title=\"Maillot \u00e9t\u00e9\" src=\"http:\/\/www.aclanester56.com\/velo\/wp-content\/uploads\/2011\/02\/designation-maillot-ete1.png\" alt=\"\" width=\"290\" height=\"50\" \/><img loading=\"lazy\" decoding=\"async\" class=\"alignnone size-full wp-image-6931\" title=\"Maillot hiver\" src=\"http:\/\/www.aclanester56.com\/velo\/wp-content\/uploads\/2011\/02\/designation-maillot-hiver1.png\" alt=\"\" width=\"290\" height=\"50\" \/><img loading=\"lazy\" decoding=\"async\" class=\"alignnone size-full wp-image-6931\" title=\"Genouill\u00e8res\" src=\"http:\/\/www.aclanester56.com\/velo\/wp-content\/uploads\/2011\/02\/designation-genouilleres2.png\" alt=\"\" width=\"290\" height=\"50\" \/><\/p>\n<p><a href=\"http:\/\/www.aclanester56.com\/velo\/wp-content\/uploads\/2011\/02\/cuissard_Noret_600x6001.png\"><img loading=\"lazy\" decoding=\"async\" class=\"alignnone size-full wp-image-6861\" title=\"Cuissard \u00e9t\u00e9 Noret\" src=\"http:\/\/www.aclanester56.com\/velo\/wp-content\/uploads\/2011\/02\/cuissard_Noret_600x6001.png\" alt=\"\" width=\"290\" height=\"290\" \/><\/a><a href=\"http:\/\/www.aclanester56.com\/velo\/wp-content\/uploads\/2011\/02\/cuissard_Giordana_600x600.png\"><img loading=\"lazy\" decoding=\"async\" class=\"alignnone size-full wp-image-6860\" title=\"Cuissard \u00e9t\u00e9 Giordana\" src=\"http:\/\/www.aclanester56.com\/velo\/wp-content\/uploads\/2011\/02\/cuissard_Giordana_600x600.png\" alt=\"\" width=\"290\" height=\"290\" \/><\/a><a href=\"http:\/\/www.aclanester56.com\/velo\/wp-content\/uploads\/2011\/02\/AC-LANESTER-BOUT-COUL-2011-rose-NONDISPO.jpg\"><img loading=\"lazy\" decoding=\"async\" class=\"alignnone size-full wp-image-6860\" title=\"Collant hiver\" src=\"http:\/\/www.aclanester56.com\/velo\/wp-content\/uploads\/2011\/02\/AC-LANESTER-BOUT-COUL-2011-rose-NONDISPO.jpg\" alt=\"\" width=\"290\" height=\"290\" \/><\/a><\/p>\n<p><img loading=\"lazy\" decoding=\"async\" class=\"alignnone size-full wp-image-6931\" title=\"Cuissard \u00e9t\u00e9 Noret\" src=\"http:\/\/www.aclanester56.com\/velo\/wp-content\/uploads\/2011\/02\/designation-cuissard-ete-noret1.png\" alt=\"\" width=\"290\" height=\"50\" \/><img loading=\"lazy\" decoding=\"async\" class=\"alignnone size-full wp-image-6931\" title=\"Cuissard \u00e9t\u00e9 Giordana\" src=\"http:\/\/www.aclanester56.com\/velo\/wp-content\/uploads\/2011\/02\/designation-cuissard-ete-giordana2.png\" alt=\"\" width=\"290\" height=\"50\" \/><img loading=\"lazy\" decoding=\"async\" class=\"alignnone size-full wp-image-6931\" title=\"Collant hiver\" src=\"http:\/\/www.aclanester56.com\/velo\/wp-content\/uploads\/2011\/02\/designation-collant-hiver1.png\" alt=\"\" width=\"290\" height=\"50\" \/><\/p>\n<p><a href=\"http:\/\/www.aclanester56.com\/velo\/wp-content\/uploads\/2011\/02\/Jambi\u00e8res_600x600.png\"><img loading=\"lazy\" decoding=\"async\" class=\"alignnone size-full wp-image-6860\" title=\"Jambi\u00e8res\" src=\"http:\/\/www.aclanester56.com\/velo\/wp-content\/uploads\/2011\/02\/Jambi\u00e8res_600x600.png\" alt=\"\" width=\"290\" height=\"290\" \/><\/a><a href=\"http:\/\/www.aclanester56.com\/velo\/wp-content\/uploads\/2011\/02\/Manchettes_600x600.png\"><img loading=\"lazy\" decoding=\"async\" class=\"alignnone size-full wp-image-6862\" title=\"Manchettes\" src=\"http:\/\/www.aclanester56.com\/velo\/wp-content\/uploads\/2011\/02\/Manchettes_600x600.png\" alt=\"\" width=\"290\" height=\"290\" \/><\/a><a href=\"http:\/\/www.aclanester56.com\/velo\/wp-content\/uploads\/2011\/02\/Socquettes_600x600.png\"><img loading=\"lazy\" decoding=\"async\" class=\"alignnone size-full wp-image-6860\" title=\"Socquettes\" src=\"http:\/\/www.aclanester56.com\/velo\/wp-content\/uploads\/2011\/02\/Socquettes_600x600.png\" alt=\"\" width=\"290\" height=\"290\" \/><\/a><\/p>\n<p><img loading=\"lazy\" decoding=\"async\" class=\"alignnone size-full wp-image-6931\" title=\"Jambi\u00e8res\" src=\"http:\/\/www.aclanester56.com\/velo\/wp-content\/uploads\/2011\/02\/designation-jambieres2.png\" alt=\"\" width=\"290\" height=\"50\" \/><img loading=\"lazy\" decoding=\"async\" class=\"alignnone size-full wp-image-6931\" title=\"Manchettes\" src=\"http:\/\/www.aclanester56.com\/velo\/wp-content\/uploads\/2011\/02\/designation-manchettes2.png\" alt=\"\" width=\"290\" height=\"50\" \/><img loading=\"lazy\" decoding=\"async\" class=\"alignnone size-full wp-image-6931\" title=\"Socquettes\" src=\"http:\/\/www.aclanester56.com\/velo\/wp-content\/uploads\/2011\/02\/designation-socquettes2.png\" alt=\"\" width=\"290\" height=\"50\" \/><\/p>\n<p><a href=\"http:\/\/www.aclanester56.com\/velo\/wp-content\/uploads\/2011\/02\/Gants_600x600.png\"><img loading=\"lazy\" decoding=\"async\" class=\"alignnone size-full wp-image-6862\" title=\"Gants \u00e9t\u00e9\" src=\"http:\/\/www.aclanester56.com\/velo\/wp-content\/uploads\/2011\/02\/Gants_600x600.png\" alt=\"\" width=\"290\" height=\"290\" \/><\/a><a href=\"http:\/\/www.aclanester56.com\/velo\/wp-content\/uploads\/2011\/02\/AC-LANESTER-BOUT-COUL-2011-rose-NONDISPO.jpg\"><img loading=\"lazy\" decoding=\"async\" class=\"alignnone size-full wp-image-6862\" title=\"Couvre-chaussures hiver\" src=\"http:\/\/www.aclanester56.com\/velo\/wp-content\/uploads\/2011\/02\/AC-LANESTER-BOUT-COUL-2011-rose-NONDISPO.jpg\" alt=\"\" width=\"290\" height=\"290\" \/><\/a><a href=\"http:\/\/www.aclanester56.com\/velo\/wp-content\/uploads\/2011\/02\/AC-LANESTER-BOUT-COUL-2011-rose-NONDISPO.jpg\"><img loading=\"lazy\" decoding=\"async\" class=\"alignnone size-full wp-image-6861\" title=\"Chemise\" src=\"http:\/\/www.aclanester56.com\/velo\/wp-content\/uploads\/2011\/02\/AC-LANESTER-BOUT-COUL-2011-rose-NONDISPO.jpg\" alt=\"\" width=\"290\" height=\"290\" \/><\/a><\/p>\n<p><img loading=\"lazy\" decoding=\"async\" class=\"alignnone size-full wp-image-6931\" title=\"Gants \u00e9t\u00e9\" src=\"http:\/\/www.aclanester56.com\/velo\/wp-content\/uploads\/2011\/02\/designation-gant-ete2.png\" alt=\"\" width=\"290\" height=\"50\" \/><img loading=\"lazy\" decoding=\"async\" class=\"alignnone size-full wp-image-6931\" title=\"Couvre-chaussures hiver\" src=\"http:\/\/www.aclanester56.com\/velo\/wp-content\/uploads\/2011\/02\/designation-couvre-chaussette-hiver.png\" alt=\"\" width=\"290\" height=\"50\" \/><img loading=\"lazy\" decoding=\"async\" class=\"alignnone size-full wp-image-6931\" title=\"Chemise\" src=\"http:\/\/www.aclanester56.com\/velo\/wp-content\/uploads\/2011\/02\/designation-chemise1.png\" alt=\"\" width=\"290\" height=\"50\" \/><\/p>\n<p><a href=\"http:\/\/www.aclanester56.com\/velo\/wp-content\/uploads\/2011\/02\/AC-LANESTER-BOUT-COUL-2011-rose-NONDISPO.jpg\"><img loading=\"lazy\" decoding=\"async\" class=\"alignnone size-full wp-image-6860\" title=\"Polo\" src=\"http:\/\/www.aclanester56.com\/velo\/wp-content\/uploads\/2011\/02\/AC-LANESTER-BOUT-COUL-2011-rose-NONDISPO.jpg\" alt=\"\" width=\"290\" height=\"290\" \/><\/a><a href=\"http:\/\/www.aclanester56.com\/velo\/wp-content\/uploads\/2011\/02\/AC-LANESTER-BOUT-COUL-2011-rose-NONDISPO.jpg\"><img loading=\"lazy\" decoding=\"async\" class=\"alignnone size-full wp-image-6861\" title=\"Casquette podium\" src=\"http:\/\/www.aclanester56.com\/velo\/wp-content\/uploads\/2011\/02\/AC-LANESTER-BOUT-COUL-2011-rose-NONDISPO.jpg\" alt=\"\" width=\"290\" height=\"290\" \/><\/a><a href=\"http:\/\/www.aclanester56.com\/velo\/wp-content\/uploads\/2011\/03\/Casque_600x600.png\"><img loading=\"lazy\" decoding=\"async\" class=\"alignnone size-full wp-image-6861\" title=\"Casque SPIUK\" src=\"http:\/\/www.aclanester56.com\/velo\/wp-content\/uploads\/2011\/03\/Casque_600x600.png\" alt=\"\" width=\"290\" height=\"290\" \/><\/a><\/p>\n<p><img loading=\"lazy\" decoding=\"async\" class=\"alignnone size-full wp-image-6931\" title=\"Polo\" src=\"http:\/\/www.aclanester56.com\/velo\/wp-content\/uploads\/2011\/02\/designation-polo1.png\" alt=\"\" width=\"290\" height=\"50\" \/><img loading=\"lazy\" decoding=\"async\" class=\"alignnone size-full wp-image-6931\" title=\"Casquette podium\" src=\"http:\/\/www.aclanester56.com\/velo\/wp-content\/uploads\/2011\/02\/designation-casquette-podium1.png\" alt=\"\" width=\"290\" height=\"50\" \/><img loading=\"lazy\" decoding=\"async\" class=\"alignnone size-full wp-image-6931\" title=\"Casque SPIUK\" src=\"http:\/\/www.aclanester56.com\/velo\/wp-content\/uploads\/2011\/03\/designation-casque.png\" alt=\"\" width=\"290\" height=\"50\" \/><\/p>\n<p>&nbsp;<\/p>\n","protected":false},"excerpt":{"rendered":"<p>Bienvenue dans notre boutique en ligne ! N&rsquo;h\u00e9sitez pas \u00e0 nous contacter ! &nbsp;<\/p>\n","protected":false},"author":2,"featured_media":0,"parent":56,"menu_order":1,"comment_status":"open","ping_status":"closed","template":"page-boutique.php","meta":{"ngg_post_thumbnail":0,"footnotes":""},"class_list":["post-6851","page","type-page","status-publish","format-standard","hentry"],"yoast_head":"<!-- This site is optimized with the Yoast SEO plugin v27.4 - https:\/\/yoast.com\/product\/yoast-seo-wordpress\/ -->\n<title>Les \u00e9quipements - Avenir Cycliste Lanester 56<\/title>\n<meta name=\"robots\" content=\"index, follow, max-snippet:-1, max-image-preview:large, max-video-preview:-1\" \/>\n<link rel=\"canonical\" href=\"https:\/\/www.aclanester56.com\/velo\/la-boutique\/les-equipements\/\" \/>\n<meta property=\"og:locale\" content=\"fr_FR\" \/>\n<meta property=\"og:type\" content=\"article\" \/>\n<meta property=\"og:title\" content=\"Les \u00e9quipements - Avenir Cycliste Lanester 56\" \/>\n<meta property=\"og:description\" content=\"Bienvenue dans notre boutique en ligne ! N&rsquo;h\u00e9sitez pas \u00e0 nous contacter ! &nbsp;\" \/>\n<meta property=\"og:url\" content=\"https:\/\/www.aclanester56.com\/velo\/la-boutique\/les-equipements\/\" \/>\n<meta property=\"og:site_name\" content=\"Avenir Cycliste Lanester 56\" \/>\n<meta property=\"article:publisher\" content=\"https:\/\/www.facebook.com\/pages\/AC-Lanester-56\/190286300991242?fref=ts\" \/>\n<meta property=\"article:modified_time\" content=\"2012-09-27T19:38:04+00:00\" \/>\n<meta property=\"og:image\" content=\"http:\/\/www.aclanester56.com\/velo\/wp-content\/uploads\/2011\/02\/maillot_\u00e9t\u00e9_600x6001-300x272.png\" \/>\n<script type=\"application\/ld+json\" class=\"yoast-schema-graph\">{\"@context\":\"https:\\\/\\\/schema.org\",\"@graph\":[{\"@type\":\"WebPage\",\"@id\":\"https:\\\/\\\/www.aclanester56.com\\\/velo\\\/la-boutique\\\/les-equipements\\\/\",\"url\":\"https:\\\/\\\/www.aclanester56.com\\\/velo\\\/la-boutique\\\/les-equipements\\\/\",\"name\":\"Les \u00e9quipements - Avenir Cycliste Lanester 56\",\"isPartOf\":{\"@id\":\"https:\\\/\\\/www.aclanester56.com\\\/velo\\\/#website\"},\"primaryImageOfPage\":{\"@id\":\"https:\\\/\\\/www.aclanester56.com\\\/velo\\\/la-boutique\\\/les-equipements\\\/#primaryimage\"},\"image\":{\"@id\":\"https:\\\/\\\/www.aclanester56.com\\\/velo\\\/la-boutique\\\/les-equipements\\\/#primaryimage\"},\"thumbnailUrl\":\"http:\\\/\\\/www.aclanester56.com\\\/velo\\\/wp-content\\\/uploads\\\/2011\\\/02\\\/AC-LANESTER-BOUT-COUL-2011-rose-NONDISPO.jpg\",\"datePublished\":\"2011-02-18T12:19:13+00:00\",\"dateModified\":\"2012-09-27T19:38:04+00:00\",\"breadcrumb\":{\"@id\":\"https:\\\/\\\/www.aclanester56.com\\\/velo\\\/la-boutique\\\/les-equipements\\\/#breadcrumb\"},\"inLanguage\":\"fr-FR\",\"potentialAction\":[{\"@type\":\"ReadAction\",\"target\":[\"https:\\\/\\\/www.aclanester56.com\\\/velo\\\/la-boutique\\\/les-equipements\\\/\"]}]},{\"@type\":\"ImageObject\",\"inLanguage\":\"fr-FR\",\"@id\":\"https:\\\/\\\/www.aclanester56.com\\\/velo\\\/la-boutique\\\/les-equipements\\\/#primaryimage\",\"url\":\"http:\\\/\\\/www.aclanester56.com\\\/velo\\\/wp-content\\\/uploads\\\/2011\\\/02\\\/AC-LANESTER-BOUT-COUL-2011-rose-NONDISPO.jpg\",\"contentUrl\":\"http:\\\/\\\/www.aclanester56.com\\\/velo\\\/wp-content\\\/uploads\\\/2011\\\/02\\\/AC-LANESTER-BOUT-COUL-2011-rose-NONDISPO.jpg\"},{\"@type\":\"BreadcrumbList\",\"@id\":\"https:\\\/\\\/www.aclanester56.com\\\/velo\\\/la-boutique\\\/les-equipements\\\/#breadcrumb\",\"itemListElement\":[{\"@type\":\"ListItem\",\"position\":1,\"name\":\"La boutique-old\",\"item\":\"https:\\\/\\\/www.aclanester56.com\\\/velo\\\/?page_id=56\"},{\"@type\":\"ListItem\",\"position\":2,\"name\":\"Les \u00e9quipements\"}]},{\"@type\":\"WebSite\",\"@id\":\"https:\\\/\\\/www.aclanester56.com\\\/velo\\\/#website\",\"url\":\"https:\\\/\\\/www.aclanester56.com\\\/velo\\\/\",\"name\":\"Avenir Cycliste Lanester 56\",\"description\":\"Club cycliste de l&#039;AC LANESTER 56\",\"publisher\":{\"@id\":\"https:\\\/\\\/www.aclanester56.com\\\/velo\\\/#organization\"},\"potentialAction\":[{\"@type\":\"SearchAction\",\"target\":{\"@type\":\"EntryPoint\",\"urlTemplate\":\"https:\\\/\\\/www.aclanester56.com\\\/velo\\\/?s={search_term_string}\"},\"query-input\":{\"@type\":\"PropertyValueSpecification\",\"valueRequired\":true,\"valueName\":\"search_term_string\"}}],\"inLanguage\":\"fr-FR\"},{\"@type\":\"Organization\",\"@id\":\"https:\\\/\\\/www.aclanester56.com\\\/velo\\\/#organization\",\"name\":\"Avenir Cycliste Lanester 56\",\"url\":\"https:\\\/\\\/www.aclanester56.com\\\/velo\\\/\",\"logo\":{\"@type\":\"ImageObject\",\"inLanguage\":\"fr-FR\",\"@id\":\"https:\\\/\\\/www.aclanester56.com\\\/velo\\\/#\\\/schema\\\/logo\\\/image\\\/\",\"url\":\"https:\\\/\\\/www.aclanester56.com\\\/velo\\\/wp-content\\\/uploads\\\/2013\\\/04\\\/logo-ACL.jpg\",\"contentUrl\":\"https:\\\/\\\/www.aclanester56.com\\\/velo\\\/wp-content\\\/uploads\\\/2013\\\/04\\\/logo-ACL.jpg\",\"width\":400,\"height\":334,\"caption\":\"Avenir Cycliste Lanester 56\"},\"image\":{\"@id\":\"https:\\\/\\\/www.aclanester56.com\\\/velo\\\/#\\\/schema\\\/logo\\\/image\\\/\"},\"sameAs\":[\"https:\\\/\\\/www.facebook.com\\\/pages\\\/AC-Lanester-56\\\/190286300991242?fref=ts\"]}]}<\/script>\n<!-- \/ Yoast SEO plugin. -->","yoast_head_json":{"title":"Les \u00e9quipements - Avenir Cycliste Lanester 56","robots":{"index":"index","follow":"follow","max-snippet":"max-snippet:-1","max-image-preview":"max-image-preview:large","max-video-preview":"max-video-preview:-1"},"canonical":"https:\/\/www.aclanester56.com\/velo\/la-boutique\/les-equipements\/","og_locale":"fr_FR","og_type":"article","og_title":"Les \u00e9quipements - Avenir Cycliste Lanester 56","og_description":"Bienvenue dans notre boutique en ligne ! N&rsquo;h\u00e9sitez pas \u00e0 nous contacter ! &nbsp;","og_url":"https:\/\/www.aclanester56.com\/velo\/la-boutique\/les-equipements\/","og_site_name":"Avenir Cycliste Lanester 56","article_publisher":"https:\/\/www.facebook.com\/pages\/AC-Lanester-56\/190286300991242?fref=ts","article_modified_time":"2012-09-27T19:38:04+00:00","og_image":[{"url":"http:\/\/www.aclanester56.com\/velo\/wp-content\/uploads\/2011\/02\/maillot_\u00e9t\u00e9_600x6001-300x272.png","type":"","width":"","height":""}],"schema":{"@context":"https:\/\/schema.org","@graph":[{"@type":"WebPage","@id":"https:\/\/www.aclanester56.com\/velo\/la-boutique\/les-equipements\/","url":"https:\/\/www.aclanester56.com\/velo\/la-boutique\/les-equipements\/","name":"Les \u00e9quipements - Avenir Cycliste Lanester 56","isPartOf":{"@id":"https:\/\/www.aclanester56.com\/velo\/#website"},"primaryImageOfPage":{"@id":"https:\/\/www.aclanester56.com\/velo\/la-boutique\/les-equipements\/#primaryimage"},"image":{"@id":"https:\/\/www.aclanester56.com\/velo\/la-boutique\/les-equipements\/#primaryimage"},"thumbnailUrl":"http:\/\/www.aclanester56.com\/velo\/wp-content\/uploads\/2011\/02\/AC-LANESTER-BOUT-COUL-2011-rose-NONDISPO.jpg","datePublished":"2011-02-18T12:19:13+00:00","dateModified":"2012-09-27T19:38:04+00:00","breadcrumb":{"@id":"https:\/\/www.aclanester56.com\/velo\/la-boutique\/les-equipements\/#breadcrumb"},"inLanguage":"fr-FR","potentialAction":[{"@type":"ReadAction","target":["https:\/\/www.aclanester56.com\/velo\/la-boutique\/les-equipements\/"]}]},{"@type":"ImageObject","inLanguage":"fr-FR","@id":"https:\/\/www.aclanester56.com\/velo\/la-boutique\/les-equipements\/#primaryimage","url":"http:\/\/www.aclanester56.com\/velo\/wp-content\/uploads\/2011\/02\/AC-LANESTER-BOUT-COUL-2011-rose-NONDISPO.jpg","contentUrl":"http:\/\/www.aclanester56.com\/velo\/wp-content\/uploads\/2011\/02\/AC-LANESTER-BOUT-COUL-2011-rose-NONDISPO.jpg"},{"@type":"BreadcrumbList","@id":"https:\/\/www.aclanester56.com\/velo\/la-boutique\/les-equipements\/#breadcrumb","itemListElement":[{"@type":"ListItem","position":1,"name":"La boutique-old","item":"https:\/\/www.aclanester56.com\/velo\/?page_id=56"},{"@type":"ListItem","position":2,"name":"Les \u00e9quipements"}]},{"@type":"WebSite","@id":"https:\/\/www.aclanester56.com\/velo\/#website","url":"https:\/\/www.aclanester56.com\/velo\/","name":"Avenir Cycliste Lanester 56","description":"Club cycliste de l&#039;AC LANESTER 56","publisher":{"@id":"https:\/\/www.aclanester56.com\/velo\/#organization"},"potentialAction":[{"@type":"SearchAction","target":{"@type":"EntryPoint","urlTemplate":"https:\/\/www.aclanester56.com\/velo\/?s={search_term_string}"},"query-input":{"@type":"PropertyValueSpecification","valueRequired":true,"valueName":"search_term_string"}}],"inLanguage":"fr-FR"},{"@type":"Organization","@id":"https:\/\/www.aclanester56.com\/velo\/#organization","name":"Avenir Cycliste Lanester 56","url":"https:\/\/www.aclanester56.com\/velo\/","logo":{"@type":"ImageObject","inLanguage":"fr-FR","@id":"https:\/\/www.aclanester56.com\/velo\/#\/schema\/logo\/image\/","url":"https:\/\/www.aclanester56.com\/velo\/wp-content\/uploads\/2013\/04\/logo-ACL.jpg","contentUrl":"https:\/\/www.aclanester56.com\/velo\/wp-content\/uploads\/2013\/04\/logo-ACL.jpg","width":400,"height":334,"caption":"Avenir Cycliste Lanester 56"},"image":{"@id":"https:\/\/www.aclanester56.com\/velo\/#\/schema\/logo\/image\/"},"sameAs":["https:\/\/www.facebook.com\/pages\/AC-Lanester-56\/190286300991242?fref=ts"]}]}},"_links":{"self":[{"href":"https:\/\/www.aclanester56.com\/velo\/wp-json\/wp\/v2\/pages\/6851","targetHints":{"allow":["GET"]}}],"collection":[{"href":"https:\/\/www.aclanester56.com\/velo\/wp-json\/wp\/v2\/pages"}],"about":[{"href":"https:\/\/www.aclanester56.com\/velo\/wp-json\/wp\/v2\/types\/page"}],"author":[{"embeddable":true,"href":"https:\/\/www.aclanester56.com\/velo\/wp-json\/wp\/v2\/users\/2"}],"replies":[{"embeddable":true,"href":"https:\/\/www.aclanester56.com\/velo\/wp-json\/wp\/v2\/comments?post=6851"}],"version-history":[{"count":0,"href":"https:\/\/www.aclanester56.com\/velo\/wp-json\/wp\/v2\/pages\/6851\/revisions"}],"up":[{"embeddable":true,"href":"https:\/\/www.aclanester56.com\/velo\/wp-json\/wp\/v2\/pages\/56"}],"wp:attachment":[{"href":"https:\/\/www.aclanester56.com\/velo\/wp-json\/wp\/v2\/media?parent=6851"}],"curies":[{"name":"wp","href":"https:\/\/api.w.org\/{rel}","templated":true}]}}